{"id":353,"date":"2026-03-13T11:43:59","date_gmt":"2026-03-13T10:43:59","guid":{"rendered":"https:\/\/skvo.ffst.hr\/?page_id=353"},"modified":"2026-03-13T11:45:08","modified_gmt":"2026-03-13T10:45:08","slug":"moodle","status":"publish","type":"page","link":"https:\/\/skvo.ffst.hr\/index.php\/moodle\/","title":{"rendered":"Moodle"},"content":{"rendered":"\t\t<div data-elementor-type=\"wp-page\" data-elementor-id=\"353\" class=\"elementor elementor-353\" data-elementor-post-type=\"page\">\n\t\t\t\t<div class=\"elementor-element elementor-element-9d6ac51 e-flex e-con-boxed e-con e-parent\" data-id=\"9d6ac51\" data-element_type=\"container\" data-e-type=\"container\">\n\t\t\t\t\t<div class=\"e-con-inner\">\n\t\t\t\t<div class=\"elementor-element elementor-element-e78646f elementor-widget elementor-widget-heading\" data-id=\"e78646f\" data-element_type=\"widget\" data-e-type=\"widget\" data-widget_type=\"heading.default\">\n\t\t\t\t\t<h2 class=\"elementor-heading-title elementor-size-default\">Moodle<\/h2>\t\t\t\t<\/div>\n\t\t\t\t<div class=\"elementor-element elementor-element-2f1d101 elementor-widget elementor-widget-text-editor\" data-id=\"2f1d101\" data-element_type=\"widget\" data-e-type=\"widget\" data-widget_type=\"text-editor.default\">\n\t\t\t\t\t\t\t\t\t<p><strong>Pristup Moodle SKVO kao gost<\/strong><\/p><p>Gost pristup omogu\u0107uje pregled odabranih otvorenih sadr\u017eaja bez izrade korisni\u010dkog ra\u010duna (npr. uvodni materijali i javno dostupni resursi).<\/p><p><strong>Koraci<\/strong><\/p><ol><li>Otvorite Moodle na poveznici: <a href=\"https:\/\/mod.srce.hr\/course\/view.php?id=689\">GOST<\/a><\/li><li>Na stranici za prijavu odaberite \u201cPrijava kao gost\u201d (ili \u201cGuest access\u201d).<\/li><\/ol><p><strong>\u0160to je dostupno gostu<\/strong><\/p><ul><li>pregled otvorenih lekcija i materijala,<\/li><li>osnovne informacije o aktivnostima i resursima,<\/li><li>sudjelovati u Forumima<\/li><li>ispunjavati upitnike<\/li><li>sudjelovati u radionicama<\/li><\/ul>\t\t\t\t\t\t\t\t<\/div>\n\t\t\t\t\t<\/div>\n\t\t\t\t<\/div>\n\t\t\t\t<\/div>\n\t\t","protected":false},"excerpt":{"rendered":"<p>Moodle Pristup Moodle SKVO kao gost Gost pristup omogu\u0107uje pregled odabranih otvorenih sadr\u017eaja bez izrade korisni\u010dkog ra\u010duna (npr. uvodni materijali i javno dostupni resursi). Koraci Otvorite Moodle na poveznici: GOST [&hellip;]<\/p>\n","protected":false},"author":1,"featured_media":0,"parent":0,"menu_order":0,"comment_status":"closed","ping_status":"closed","template":"","meta":{"footnotes":""},"class_list":["post-353","page","type-page","status-publish","hentry"],"_links":{"self":[{"href":"https:\/\/skvo.ffst.hr\/index.php\/wp-json\/wp\/v2\/pages\/353","targetHints":{"allow":["GET"]}}],"collection":[{"href":"https:\/\/skvo.ffst.hr\/index.php\/wp-json\/wp\/v2\/pages"}],"about":[{"href":"https:\/\/skvo.ffst.hr\/index.php\/wp-json\/wp\/v2\/types\/page"}],"author":[{"embeddable":true,"href":"https:\/\/skvo.ffst.hr\/index.php\/wp-json\/wp\/v2\/users\/1"}],"replies":[{"embeddable":true,"href":"https:\/\/skvo.ffst.hr\/index.php\/wp-json\/wp\/v2\/comments?post=353"}],"version-history":[{"count":4,"href":"https:\/\/skvo.ffst.hr\/index.php\/wp-json\/wp\/v2\/pages\/353\/revisions"}],"predecessor-version":[{"id":357,"href":"https:\/\/skvo.ffst.hr\/index.php\/wp-json\/wp\/v2\/pages\/353\/revisions\/357"}],"wp:attachment":[{"href":"https:\/\/skvo.ffst.hr\/index.php\/wp-json\/wp\/v2\/media?parent=353"}],"curies":[{"name":"wp","href":"https:\/\/api.w.org\/{rel}","templated":true}]}}