{"id":262,"date":"2026-03-06T23:02:15","date_gmt":"2026-03-06T22:02:15","guid":{"rendered":"https:\/\/skvo.ffst.hr\/?page_id=262"},"modified":"2026-03-06T23:06:14","modified_gmt":"2026-03-06T22:06:14","slug":"kontakt","status":"publish","type":"page","link":"https:\/\/skvo.ffst.hr\/index.php\/kontakt\/","title":{"rendered":"Kontakt"},"content":{"rendered":"\t\t<div data-elementor-type=\"wp-page\" data-elementor-id=\"262\" class=\"elementor elementor-262\" data-elementor-post-type=\"page\">\n\t\t\t\t<div class=\"elementor-element elementor-element-de0db0a e-flex e-con-boxed e-con e-parent\" data-id=\"de0db0a\" data-element_type=\"container\" data-e-type=\"container\">\n\t\t\t\t\t<div class=\"e-con-inner\">\n\t\t\t\t<div class=\"elementor-element elementor-element-db6482f elementor-widget elementor-widget-heading\" data-id=\"db6482f\" data-element_type=\"widget\" data-e-type=\"widget\" data-widget_type=\"heading.default\">\n\t\t\t\t\t<h1 class=\"elementor-heading-title elementor-size-default\">Kontakt<\/h1>\t\t\t\t<\/div>\n\t\t\t\t\t<\/div>\n\t\t\t\t<\/div>\n\t\t<div class=\"elementor-element elementor-element-1adb8e7 e-flex e-con-boxed e-con e-parent\" data-id=\"1adb8e7\" data-element_type=\"container\" data-e-type=\"container\">\n\t\t\t\t\t<div class=\"e-con-inner\">\n\t\t<div class=\"elementor-element elementor-element-ab402f9 e-con-full e-flex e-con e-child\" data-id=\"ab402f9\" data-element_type=\"container\" data-e-type=\"container\" data-settings=\"{&quot;background_background&quot;:&quot;classic&quot;}\">\n\t\t\t\t<div class=\"elementor-element elementor-element-ac8b9c0 elementor-widget elementor-widget-text-editor\" data-id=\"ac8b9c0\" data-element_type=\"widget\" data-e-type=\"widget\" data-widget_type=\"text-editor.default\">\n\t\t\t\t\t\t\t\t\t<p class=\"elementor-heading-title elementor-size-default\"><strong>SKVO \u2013 Skriveni kurikulum u visokom obrazovanju<\/strong><\/p><p><strong>Sveu\u010dili\u0161te u Splitu<\/strong><br \/><strong>Filozofski fakultet<\/strong><br \/>Polji\u010dka cesta 35, 21000 Split<\/p><p><strong>e- mail:<\/strong> skvo@ffst.hr<\/p>\t\t\t\t\t\t\t\t<\/div>\n\t\t\t\t<\/div>\n\t\t<div class=\"elementor-element elementor-element-cf0bc62 e-con-full e-flex e-con e-child\" data-id=\"cf0bc62\" data-element_type=\"container\" data-e-type=\"container\">\n\t\t\t\t<div class=\"elementor-element elementor-element-f098daf elementor-widget elementor-widget-google_maps\" data-id=\"f098daf\" data-element_type=\"widget\" data-e-type=\"widget\" data-widget_type=\"google_maps.default\">\n\t\t\t\t\t\t\t<div class=\"elementor-custom-embed\">\n\t\t\t<iframe loading=\"lazy\"\n\t\t\t\t\tsrc=\"https:\/\/maps.google.com\/maps?q=Polji%C4%8Dka%20cesta%2035%2C%2021000%20Split&#038;t=m&#038;z=14&#038;output=embed&#038;iwloc=near\"\n\t\t\t\t\ttitle=\"Polji\u010dka cesta 35, 21000 Split\"\n\t\t\t\t\taria-label=\"Polji\u010dka cesta 35, 21000 Split\"\n\t\t\t><\/iframe>\n\t\t<\/div>\n\t\t\t\t\t\t<\/div>\n\t\t\t\t<\/div>\n\t\t\t\t\t<\/div>\n\t\t\t\t<\/div>\n\t\t\t\t<\/div>\n\t\t","protected":false},"excerpt":{"rendered":"<p>Kontakt SKVO \u2013 Skriveni kurikulum u visokom obrazovanju Sveu\u010dili\u0161te u SplituFilozofski fakultetPolji\u010dka cesta 35, 21000 Split e- mail: skvo@ffst.hr<\/p>\n","protected":false},"author":1,"featured_media":0,"parent":0,"menu_order":0,"comment_status":"closed","ping_status":"closed","template":"","meta":{"footnotes":""},"class_list":["post-262","page","type-page","status-publish","hentry"],"_links":{"self":[{"href":"https:\/\/skvo.ffst.hr\/index.php\/wp-json\/wp\/v2\/pages\/262","targetHints":{"allow":["GET"]}}],"collection":[{"href":"https:\/\/skvo.ffst.hr\/index.php\/wp-json\/wp\/v2\/pages"}],"about":[{"href":"https:\/\/skvo.ffst.hr\/index.php\/wp-json\/wp\/v2\/types\/page"}],"author":[{"embeddable":true,"href":"https:\/\/skvo.ffst.hr\/index.php\/wp-json\/wp\/v2\/users\/1"}],"replies":[{"embeddable":true,"href":"https:\/\/skvo.ffst.hr\/index.php\/wp-json\/wp\/v2\/comments?post=262"}],"version-history":[{"count":7,"href":"https:\/\/skvo.ffst.hr\/index.php\/wp-json\/wp\/v2\/pages\/262\/revisions"}],"predecessor-version":[{"id":269,"href":"https:\/\/skvo.ffst.hr\/index.php\/wp-json\/wp\/v2\/pages\/262\/revisions\/269"}],"wp:attachment":[{"href":"https:\/\/skvo.ffst.hr\/index.php\/wp-json\/wp\/v2\/media?parent=262"}],"curies":[{"name":"wp","href":"https:\/\/api.w.org\/{rel}","templated":true}]}}